{"id":432,"date":"2024-01-04T01:08:30","date_gmt":"2024-01-04T01:08:30","guid":{"rendered":"https:\/\/starcom.com.vn\/?page_id=432"},"modified":"2024-06-26T02:32:07","modified_gmt":"2024-06-26T02:32:07","slug":"gioi-thieu","status":"publish","type":"page","link":"https:\/\/starcom.com.vn\/en\/gioi-thieu","title":{"rendered":"About us"},"content":{"rendered":"<h2 style=\"text-align: justify;\">GI\u1edaI THI\u1ec6U<\/h2>\n<p style=\"text-align: justify;\">C\u00f4ng ty TNHH Starcom Vi\u1ec7t Nam (STARCOM Co., Ltd) l\u00e0 \u0111\u01a1n v\u1ecb t\u00edch h\u1ee3p h\u1ec7 th\u1ed1ng uy t\u00edn trong c\u00e1c l\u0129nh v\u1ef1c \u0111i\u1ec7n t\u1eed, vi\u1ec5n th\u00f4ng, c\u00f4ng ngh\u1ec7 th\u00f4ng tin v\u00e0 c\u00e1c trang thi\u1ebft b\u1ecb chuy\u00ean d\u1ee5ng cho c\u00e1c ng\u00e0nh b\u01b0u ch\u00ednh, vi\u1ec5n th\u00f4ng, h\u00e0ng kh\u00f4ng, \u0111i\u1ec7n l\u1ef1c, an ninh qu\u1ed1c ph\u00f2ng\u2026<\/p>\n<p style=\"text-align: justify;\">Tr\u1ea3i qua qu\u00e1 tr\u00ecnh thi\u1ebft l\u1eadp quan h\u1ec7 chi\u1ebfn l\u01b0\u1ee3c v\u1edbi c\u00e1c nh\u00e0 s\u1ea3n xu\u1ea5t v\u00e0 cung c\u1ea5p thi\u1ebft b\u1ecb h\u00e0ng \u0111\u1ea7u th\u1ebf gi\u1edbi, v\u1edbi \u0111\u1ed9i ng\u0169 chuy\u00ean gia k\u1ef9 thu\u1eadt \u0111\u01b0\u1ee3c \u0111\u00e0o t\u1ea1o chuy\u00ean s\u00e2u, nhi\u1ec1u kinh nghi\u1ec7m l\u00e0m vi\u1ec7c qua c\u00e1c d\u1ef1 \u00e1n, \u0111\u1eb7c bi\u1ec7t l\u00e0 kh\u1ea3 n\u0103ng ph\u00e2n t\u00edch h\u1ec7 th\u1ed1ng, \u0111\u00e1nh gi\u00e1 nhu c\u1ea7u, STARCOM ch\u1eafc ch\u1eafn s\u1ebd mang t\u1edbi cho Qu\u00fd kh\u00e1ch h\u00e0ng nh\u1eefng gi\u1ea3i ph\u00e1p t\u1ed1i \u01b0u v\u00e0 hi\u1ec7u qu\u1ea3 nh\u1ea5t.<\/p>\n<p style=\"text-align: justify;\">Ch\u00fang t\u00f4i xin ch\u00e2n th\u00e0nh c\u1ea3m \u01a1n qu\u00fd kh\u00e1ch \u0111\u00e3 t\u00edn nhi\u1ec7m v\u00e0 l\u1ef1a ch\u1ecdn STARCOM l\u00e0 \u0111\u1ed1i t\u00e1c tin c\u1eady trong th\u1eddi gian qua. Ch\u00fang t\u00f4i lu\u00f4n n\u1ed7 l\u1ef1c kh\u00f4ng ng\u1eebng v\u00e0 mong mu\u1ed1n ti\u1ebfp t\u1ee5c \u0111\u01b0\u1ee3c \u0111\u1ed3ng h\u00e0nh c\u00f9ng qu\u00fd kh\u00e1ch tr\u00ean con \u0111\u01b0\u1eddng h\u1ee3p t\u00e1c v\u00e0 ph\u00e1t tri\u1ec3n.<\/p>","protected":false},"excerpt":{"rendered":"<p>GI\u1edaI THI\u1ec6U C\u00f4ng ty TNHH Starcom Vi\u1ec7t Nam (STARCOM Co., Ltd) l\u00e0 \u0111\u01a1n v\u1ecb t\u00edch h\u1ee3p h\u1ec7 th\u1ed1ng uy t\u00edn trong c\u00e1c l\u0129nh v\u1ef1c \u0111i\u1ec7n t\u1eed, vi\u1ec5n th\u00f4ng, c\u00f4ng ngh\u1ec7 th\u00f4ng tin v\u00e0 c\u00e1c trang thi\u1ebft b\u1ecb chuy\u00ean d\u1ee5ng cho c\u00e1c ng\u00e0nh b\u01b0u ch\u00ednh, vi\u1ec5n th\u00f4ng, h\u00e0ng kh\u00f4ng, \u0111i\u1ec7n l\u1ef1c, an ninh qu\u1ed1c ph\u00f2ng\u2026 Tr\u1ea3i [&#8230;]","protected":false},"author":1,"featured_media":0,"parent":0,"menu_order":0,"comment_status":"closed","ping_status":"closed","template":"page-left-sidebar.php","meta":{"footnotes":""},"class_list":["post-432","page","type-page","status-publish","hentry"],"yoast_head":"<!-- This site is optimized with the Yoast SEO Premium plugin v19.0.1 (Yoast SEO v24.4) - https:\/\/yoast.com\/wordpress\/plugins\/seo\/ -->\n<title>Gi\u1edbi thi\u1ec7u - STARCOM<\/title>\n<meta name=\"robots\" content=\"noindex, follow, max-snippet:-1, max-image-preview:large, max-video-preview:-1\" \/>\n<meta property=\"og:locale\" content=\"en_GB\" \/>\n<meta property=\"og:type\" content=\"article\" \/>\n<meta property=\"og:title\" content=\"Gi\u1edbi thi\u1ec7u\" \/>\n<meta property=\"og:description\" content=\"GI\u1edaI THI\u1ec6U C\u00f4ng ty TNHH Starcom Vi\u1ec7t Nam (STARCOM Co., Ltd) l\u00e0 \u0111\u01a1n v\u1ecb t\u00edch h\u1ee3p h\u1ec7 th\u1ed1ng uy t\u00edn trong c\u00e1c l\u0129nh v\u1ef1c \u0111i\u1ec7n t\u1eed, vi\u1ec5n th\u00f4ng, c\u00f4ng ngh\u1ec7 th\u00f4ng tin v\u00e0 c\u00e1c trang thi\u1ebft b\u1ecb chuy\u00ean d\u1ee5ng cho c\u00e1c ng\u00e0nh b\u01b0u ch\u00ednh, vi\u1ec5n th\u00f4ng, h\u00e0ng kh\u00f4ng, \u0111i\u1ec7n l\u1ef1c, an ninh qu\u1ed1c ph\u00f2ng\u2026 Tr\u1ea3i [...]\" \/>\n<meta property=\"og:url\" content=\"https:\/\/starcom.com.vn\/en\/gioi-thieu\/\" \/>\n<meta property=\"og:site_name\" content=\"STARCOM\" \/>\n<meta property=\"article:modified_time\" content=\"2024-06-26T02:32:07+00:00\" \/>\n<meta name=\"twitter:card\" content=\"summary_large_image\" \/>\n<script type=\"application\/ld+json\" class=\"yoast-schema-graph\">{\"@context\":\"https:\/\/schema.org\",\"@graph\":[{\"@type\":\"WebPage\",\"@id\":\"https:\/\/starcom.com.vn\/gioi-thieu\",\"url\":\"https:\/\/starcom.com.vn\/gioi-thieu\",\"name\":\"Gi\u1edbi thi\u1ec7u - STARCOM\",\"isPartOf\":{\"@id\":\"https:\/\/starcom.com.vn\/#website\"},\"datePublished\":\"2024-01-04T01:08:30+00:00\",\"dateModified\":\"2024-06-26T02:32:07+00:00\",\"breadcrumb\":{\"@id\":\"https:\/\/starcom.com.vn\/gioi-thieu#breadcrumb\"},\"inLanguage\":\"en-GB\",\"potentialAction\":[{\"@type\":\"ReadAction\",\"target\":[\"https:\/\/starcom.com.vn\/gioi-thieu\"]}]},{\"@type\":\"BreadcrumbList\",\"@id\":\"https:\/\/starcom.com.vn\/gioi-thieu#breadcrumb\",\"itemListElement\":[{\"@type\":\"ListItem\",\"position\":1,\"name\":\"Home\",\"item\":\"https:\/\/starcom.com.vn\/\"},{\"@type\":\"ListItem\",\"position\":2,\"name\":\"Gi\u1edbi thi\u1ec7u\"}]},{\"@type\":\"WebSite\",\"@id\":\"https:\/\/starcom.com.vn\/#website\",\"url\":\"https:\/\/starcom.com.vn\/\",\"name\":\"STARCOM\",\"description\":\"\",\"potentialAction\":[{\"@type\":\"SearchAction\",\"target\":{\"@type\":\"EntryPoint\",\"urlTemplate\":\"https:\/\/starcom.com.vn\/?s={search_term_string}\"},\"query-input\":{\"@type\":\"PropertyValueSpecification\",\"valueRequired\":true,\"valueName\":\"search_term_string\"}}],\"inLanguage\":\"en-GB\"}]}<\/script>\n<!-- \/ Yoast SEO Premium plugin. -->","yoast_head_json":{"title":"Gi\u1edbi thi\u1ec7u - STARCOM","robots":{"index":"noindex","follow":"follow","max-snippet":"max-snippet:-1","max-image-preview":"max-image-preview:large","max-video-preview":"max-video-preview:-1"},"og_locale":"en_GB","og_type":"article","og_title":"Gi\u1edbi thi\u1ec7u","og_description":"GI\u1edaI THI\u1ec6U C\u00f4ng ty TNHH Starcom Vi\u1ec7t Nam (STARCOM Co., Ltd) l\u00e0 \u0111\u01a1n v\u1ecb t\u00edch h\u1ee3p h\u1ec7 th\u1ed1ng uy t\u00edn trong c\u00e1c l\u0129nh v\u1ef1c \u0111i\u1ec7n t\u1eed, vi\u1ec5n th\u00f4ng, c\u00f4ng ngh\u1ec7 th\u00f4ng tin v\u00e0 c\u00e1c trang thi\u1ebft b\u1ecb chuy\u00ean d\u1ee5ng cho c\u00e1c ng\u00e0nh b\u01b0u ch\u00ednh, vi\u1ec5n th\u00f4ng, h\u00e0ng kh\u00f4ng, \u0111i\u1ec7n l\u1ef1c, an ninh qu\u1ed1c ph\u00f2ng\u2026 Tr\u1ea3i [...]","og_url":"https:\/\/starcom.com.vn\/en\/gioi-thieu\/","og_site_name":"STARCOM","article_modified_time":"2024-06-26T02:32:07+00:00","twitter_card":"summary_large_image","schema":{"@context":"https:\/\/schema.org","@graph":[{"@type":"WebPage","@id":"https:\/\/starcom.com.vn\/gioi-thieu","url":"https:\/\/starcom.com.vn\/gioi-thieu","name":"Gi\u1edbi thi\u1ec7u - STARCOM","isPartOf":{"@id":"https:\/\/starcom.com.vn\/#website"},"datePublished":"2024-01-04T01:08:30+00:00","dateModified":"2024-06-26T02:32:07+00:00","breadcrumb":{"@id":"https:\/\/starcom.com.vn\/gioi-thieu#breadcrumb"},"inLanguage":"en-GB","potentialAction":[{"@type":"ReadAction","target":["https:\/\/starcom.com.vn\/gioi-thieu"]}]},{"@type":"BreadcrumbList","@id":"https:\/\/starcom.com.vn\/gioi-thieu#breadcrumb","itemListElement":[{"@type":"ListItem","position":1,"name":"Home","item":"https:\/\/starcom.com.vn\/"},{"@type":"ListItem","position":2,"name":"Gi\u1edbi thi\u1ec7u"}]},{"@type":"WebSite","@id":"https:\/\/starcom.com.vn\/#website","url":"https:\/\/starcom.com.vn\/","name":"STARCOM","description":"","potentialAction":[{"@type":"SearchAction","target":{"@type":"EntryPoint","urlTemplate":"https:\/\/starcom.com.vn\/?s={search_term_string}"},"query-input":{"@type":"PropertyValueSpecification","valueRequired":true,"valueName":"search_term_string"}}],"inLanguage":"en-GB"}]}},"_links":{"self":[{"href":"https:\/\/starcom.com.vn\/en\/wp-json\/wp\/v2\/pages\/432","targetHints":{"allow":["GET"]}}],"collection":[{"href":"https:\/\/starcom.com.vn\/en\/wp-json\/wp\/v2\/pages"}],"about":[{"href":"https:\/\/starcom.com.vn\/en\/wp-json\/wp\/v2\/types\/page"}],"author":[{"embeddable":true,"href":"https:\/\/starcom.com.vn\/en\/wp-json\/wp\/v2\/users\/1"}],"replies":[{"embeddable":true,"href":"https:\/\/starcom.com.vn\/en\/wp-json\/wp\/v2\/comments?post=432"}],"version-history":[{"count":5,"href":"https:\/\/starcom.com.vn\/en\/wp-json\/wp\/v2\/pages\/432\/revisions"}],"predecessor-version":[{"id":700,"href":"https:\/\/starcom.com.vn\/en\/wp-json\/wp\/v2\/pages\/432\/revisions\/700"}],"wp:attachment":[{"href":"https:\/\/starcom.com.vn\/en\/wp-json\/wp\/v2\/media?parent=432"}],"curies":[{"name":"wp","href":"https:\/\/api.w.org\/{rel}","templated":true}]}}